




{"id":867,"date":"2010-06-17T09:22:28","date_gmt":"2010-06-17T07:22:28","guid":{"rendered":"http:\/\/www.eetel.dev\/?page_id=867"},"modified":"2023-11-01T13:15:19","modified_gmt":"2023-11-01T11:15:19","slug":"kontaktandmed","status":"publish","type":"page","link":"https:\/\/eetel.ee\/en\/kontaktandmed\/","title":{"rendered":"Contacts"},"content":{"rendered":"\t\t<div data-elementor-type=\"wp-post\" data-elementor-id=\"867\" class=\"elementor elementor-867 elementor-5\">\n\t\t\t\t\t\t<section class=\"elementor-section elementor-top-section elementor-element elementor-element-gvkqvzg elementor-section-boxed elementor-section-height-default elementor-section-height-default\" data-id=\"gvkqvzg\" data-element_type=\"section\" data-e-type=\"section\">\n\t\t\t\t\t\t<div class=\"elementor-container elementor-column-gap-default\">\n\t\t\t\t\t<div class=\"elementor-column elementor-col-100 elementor-top-column elementor-element elementor-element-gvlsefp\" data-id=\"gvlsefp\" data-element_type=\"column\" data-e-type=\"column\">\n\t\t\t<div class=\"elementor-widget-wrap elementor-element-populated\">\n\t\t\t\t\t\t<div class=\"elementor-element elementor-element-bytrizf elementor-widget elementor-widget-text-editor\" data-id=\"bytrizf\" data-element_type=\"widget\" data-e-type=\"widget\" data-widget_type=\"text-editor.default\">\n\t\t\t\t<div class=\"elementor-widget-container\">\n\t\t\t\t\t\t\t\t\t<h3><strong>Eesti Elektrit\u00f6\u00f6de Ettev\u00f5tjate Liit MT\u00dc<br \/>\r\n<\/strong><\/h3>\r\n<p>80011265<\/p>\r\n<p>Akadeemia tee 21\/3 &#8211; 206, 12618\u00a0Tallinn<\/p>\r\n<p>E-post: <a href=\"mailto:eetel@eetel.ee\">eetel@eetel.ee<\/a><\/p>\r\n<p>&nbsp;<\/p>\r\n<h4><a href=\"https:\/\/eetel.ee\/wp-content\/uploads\/2022\/09\/kaarel-janes-2-scaled-e1662032639715.jpg\"><img decoding=\"async\" class=\"wp-image-4612  alignleft\" src=\"https:\/\/eetel.ee\/wp-content\/uploads\/2022\/09\/kaarel-janes-2-scaled-e1662032639715-300x278.jpg\" alt=\"\" width=\"177\" height=\"164\" srcset=\"https:\/\/eetel.ee\/wp-content\/uploads\/2022\/09\/kaarel-janes-2-scaled-e1662032639715-300x278.jpg 300w, https:\/\/eetel.ee\/wp-content\/uploads\/2022\/09\/kaarel-janes-2-scaled-e1662032639715-1024x948.jpg 1024w, https:\/\/eetel.ee\/wp-content\/uploads\/2022\/09\/kaarel-janes-2-scaled-e1662032639715-768x711.jpg 768w, https:\/\/eetel.ee\/wp-content\/uploads\/2022\/09\/kaarel-janes-2-scaled-e1662032639715-1536x1422.jpg 1536w, https:\/\/eetel.ee\/wp-content\/uploads\/2022\/09\/kaarel-janes-2-scaled-e1662032639715-2048x1896.jpg 2048w\" sizes=\"(max-width: 177px) 100vw, 177px\" \/><\/a><\/h4>\r\n<h4><strong>Kaarel J\u00e4nes<\/strong><\/h4>\r\n<p><em>manager<\/em><\/p>\r\n<p>+372 5373 3873<br \/>\r\n<a href=\"mailto:kaarel.janes@eetel.ee\">kaarel.janes@eetel.ee<\/a><\/p>\r\n<p>&nbsp;<\/p>\r\n<h4><strong><a href=\"https:\/\/eetel.ee\/wp-content\/uploads\/2023\/03\/img-4685-temp-scale.jpg\"><img decoding=\"async\" class=\"wp-image-4893  alignleft\" src=\"https:\/\/eetel.ee\/wp-content\/uploads\/2023\/03\/img-4685-temp-scale-300x295.jpg\" alt=\"\" width=\"170\" height=\"167\" srcset=\"https:\/\/eetel.ee\/wp-content\/uploads\/2023\/03\/img-4685-temp-scale-300x295.jpg 300w, https:\/\/eetel.ee\/wp-content\/uploads\/2023\/03\/img-4685-temp-scale-768x755.jpg 768w, https:\/\/eetel.ee\/wp-content\/uploads\/2023\/03\/img-4685-temp-scale.jpg 879w\" sizes=\"(max-width: 170px) 100vw, 170px\" \/><\/a>Anti Natka<\/strong><\/h4>\r\n<p><em>development adviser<\/em><\/p>\r\n<p>+372 5662 0430<br \/>\r\n<a href=\"mailto:anti.natka@eetel.ee\">anti.natka@eetel.ee<\/a><\/p>\r\n<p>&nbsp;<\/p>\r\n<h4><a href=\"https:\/\/eetel.ee\/wp-content\/uploads\/2023\/04\/virge-temp-scaled.jpg\"><img decoding=\"async\" class=\"wp-image-4903  alignleft\" src=\"https:\/\/eetel.ee\/wp-content\/uploads\/2023\/04\/virge-temp-150x150.jpg\" alt=\"\" width=\"179\" height=\"179\" \/><\/a><\/h4>\r\n<h4><strong>Virge S\u00fctt<\/strong><\/h4>\r\n<p><i>area manager of vocational training, training and succession<\/i><\/p>\r\n<p>+372 527 7246<br \/>\r\n<a href=\"mailto:virge.sutt@eetel.ee\">virge.sutt@eetel.ee<\/a><\/p>\r\n<h4>\u00a0<\/h4>\r\n<p>&nbsp;<\/p>\r\n<p>&nbsp;<\/p>\t\t\t\t\t\t\t\t<\/div>\n\t\t\t\t<\/div>\n\t\t\t\t\t<\/div>\n\t\t<\/div>\n\t\t\t\t\t<\/div>\n\t\t<\/section>\n\t\t\t\t<\/div>\n\t\t","protected":false},"excerpt":{"rendered":"<p>Eesti Elektrit\u00f6\u00f6de Ettev\u00f5tjate Liit MT\u00dc 80011265 Akadeemia tee 21\/3 &#8211; 206, 12618\u00a0Tallinn E-post: eetel@eetel.ee &nbsp; &#8230; <a title=\"Contacts\" class=\"read-more\" href=\"https:\/\/eetel.ee\/en\/kontaktandmed\/\" aria-label=\"Read more about Contacts\">Loe edasi &raquo;<\/a><\/p>\n","protected":false},"author":204,"featured_media":0,"parent":0,"menu_order":1,"comment_status":"closed","ping_status":"closed","template":"","meta":{"_acf_changed":false,"generate_page_header":"","footnotes":""},"class_list":["post-867","page","type-page","status-publish"],"acf":[],"_links":{"self":[{"href":"https:\/\/eetel.ee\/en\/wp-json\/wp\/v2\/pages\/867","targetHints":{"allow":["GET"]}}],"collection":[{"href":"https:\/\/eetel.ee\/en\/wp-json\/wp\/v2\/pages"}],"about":[{"href":"https:\/\/eetel.ee\/en\/wp-json\/wp\/v2\/types\/page"}],"author":[{"embeddable":true,"href":"https:\/\/eetel.ee\/en\/wp-json\/wp\/v2\/users\/204"}],"replies":[{"embeddable":true,"href":"https:\/\/eetel.ee\/en\/wp-json\/wp\/v2\/comments?post=867"}],"version-history":[{"count":5,"href":"https:\/\/eetel.ee\/en\/wp-json\/wp\/v2\/pages\/867\/revisions"}],"predecessor-version":[{"id":5403,"href":"https:\/\/eetel.ee\/en\/wp-json\/wp\/v2\/pages\/867\/revisions\/5403"}],"wp:attachment":[{"href":"https:\/\/eetel.ee\/en\/wp-json\/wp\/v2\/media?parent=867"}],"curies":[{"name":"wp","href":"https:\/\/api.w.org\/{rel}","templated":true}]}}